{"id":147,"date":"2026-03-15T21:18:48","date_gmt":"2026-03-15T20:18:48","guid":{"rendered":"https:\/\/sp52.itgrafik.pl\/?page_id=147"},"modified":"2026-03-23T13:14:21","modified_gmt":"2026-03-23T12:14:21","slug":"rada-rodzicow","status":"publish","type":"page","link":"https:\/\/sp52gdynia.eu\/index.php\/rada-rodzicow\/","title":{"rendered":"Rada Rodzic\u00f3w"},"content":{"rendered":"\t\t<div data-elementor-type=\"wp-page\" data-elementor-id=\"147\" class=\"elementor elementor-147\">\n\t\t\t\t<div class=\"elementor-element elementor-element-b1cf9f4 e-flex e-con-boxed e-con e-parent\" data-id=\"b1cf9f4\" data-element_type=\"container\" data-e-type=\"container\" data-settings=\"{&quot;jet_parallax_layout_list&quot;:[]}\">\n\t\t\t\t\t<div class=\"e-con-inner\">\n\t\t\t\t<div class=\"elementor-element elementor-element-0d4f671 elementor-widget elementor-widget-image\" data-id=\"0d4f671\" data-element_type=\"widget\" data-e-type=\"widget\" data-widget_type=\"image.default\">\n\t\t\t\t\t\t\t\t\t\t\t\t\t\t\t<img fetchpriority=\"high\" decoding=\"async\" width=\"1024\" height=\"572\" src=\"https:\/\/sp52gdynia.eu\/wp-content\/uploads\/2026\/03\/rada-rodzicow_baner-1024x572.jpg\" class=\"attachment-large size-large wp-image-227\" alt=\"\" srcset=\"https:\/\/sp52gdynia.eu\/wp-content\/uploads\/2026\/03\/rada-rodzicow_baner-1024x572.jpg 1024w, https:\/\/sp52gdynia.eu\/wp-content\/uploads\/2026\/03\/rada-rodzicow_baner-300x167.jpg 300w, https:\/\/sp52gdynia.eu\/wp-content\/uploads\/2026\/03\/rada-rodzicow_baner-768x429.jpg 768w, https:\/\/sp52gdynia.eu\/wp-content\/uploads\/2026\/03\/rada-rodzicow_baner-150x85.jpg 150w, https:\/\/sp52gdynia.eu\/wp-content\/uploads\/2026\/03\/rada-rodzicow_baner-600x335.jpg 600w, https:\/\/sp52gdynia.eu\/wp-content\/uploads\/2026\/03\/rada-rodzicow_baner.jpg 1376w\" sizes=\"(max-width: 1024px) 100vw, 1024px\" \/>\t\t\t\t\t\t\t\t\t\t\t\t\t\t\t<\/div>\n\t\t\t\t\t<\/div>\n\t\t\t\t<\/div>\n\t\t<div class=\"elementor-element elementor-element-b5f7eab e-flex e-con-boxed e-con e-parent\" data-id=\"b5f7eab\" data-element_type=\"container\" data-e-type=\"container\" data-settings=\"{&quot;jet_parallax_layout_list&quot;:[]}\">\n\t\t\t\t\t<div class=\"e-con-inner\">\n\t\t\t\t<div class=\"elementor-element elementor-element-5b225cb elementor-widget elementor-widget-text-editor\" data-id=\"5b225cb\" data-element_type=\"widget\" data-e-type=\"widget\" data-widget_type=\"text-editor.default\">\n\t\t\t\t\t\t\t\t\t<p><br \/>Rada Rodzic\u00f3w Szko\u0142y Podstawowej nr 52 w Gdyni im. b\u0142. ks. kmdr. ppor. W\u0142adys\u0142awa Miegonia reprezentuje rodzic\u00f3w wszystkich uczni\u00f3w, wsp\u00f3\u0142pracuje z dyrekcj\u0105 i rad\u0105 pedagogiczn\u0105, zg\u0142asza wnioski i opinie oraz realizuje dzia\u0142ania wspieraj\u0105ce rozw\u00f3j szko\u0142y.<\/p><p><strong>Sk\u0142ad Rady:<\/strong><\/p><p>Zarz\u0105d:<br \/>Przewodnicz\u0105ca: Marta Mazurek <br \/>Z\u2011ca przewodnicz\u0105cego: Agnieszka Drozd-Pender<br \/>Cz\u0142onek Rady: Robert Mazurek<br \/>Skarbnik: Iwona Czykier<\/p><p>W sk\u0142ad Rady Rodzic\u00f3w wchodz\u0105 r\u00f3wnie\u017c przedstawiciele wszystkich oddzia\u0142\u00f3w szkolnych tzw. Tr\u00f3jki Klasowe.<br \/><br \/><\/p><p><strong>Kontakt z Rad\u0105 Rodzic\u00f3w<\/strong><\/p><p><strong>E-mail:<\/strong> <a href=\"mailto:sp52.radarodzicow@gmail.com\">sp52.radarodzicow@gmail.com<\/a><\/p><p><strong>Telefon:<\/strong> Przedstawiciele Tr\u00f3jek Klasowych posiadaj\u0105 bezpo\u015bredni kontakt z cz\u0142onkami Zarz\u0105du Rady Rodzic\u00f3w. Prosimy o kontakt za ich po\u015brednictwem.<\/p><p><strong>Numery kont i zasady dokonywania wp\u0142at<\/strong><\/p><h4><strong>1. Konto og\u00f3lne \u2013 darowizny na dzia\u0142alno\u015b\u0107 Rady Rodzic\u00f3w<\/strong><\/h4><p><strong>Numer konta:<\/strong> 26 1090 1102 0000 0001 4650 5331<br \/><strong>Kwota za rok szkolny 2025\/2026, semestr II:<\/strong> 25,00 z\u0142 na ka\u017cdego ucznia<\/p><p><strong>Zasady:<\/strong><br \/>Wp\u0142at \u0142\u0105cznych za klasy dokonuj\u0105 skarbnicy klasowi na pocz\u0105tku ka\u017cdego semestru.<br \/>W przypadku trudno\u015bci z dokonaniem wp\u0142aty prosimy o kontakt z wychowawc\u0105 lub skarbnikiem Rady Rodzic\u00f3w.<\/p><h4><strong>2. Konto do wp\u0142at na ksero<\/strong><\/h4><p><strong>Numer konta:<\/strong> 26 1090 1102 0000 0001 5947 1515<br \/><strong>Kwota za rok szkolny 2025\/2026, semestr II:<\/strong> 20,00 z\u0142 na ka\u017cdego ucznia<\/p><p><strong>Zasady:<\/strong><br \/>Wp\u0142at \u0142\u0105cznych za klasy dokonuj\u0105 skarbnicy klasowi na pocz\u0105tku ka\u017cdego semestru.<\/p><h4><strong>3. Konto do wp\u0142at na dojazd na basen (klasy IV\u2013VI)<\/strong><\/h4><p><strong>Numer konta:<\/strong> 44 1090 1102 0000 0001 5947 1482<br \/><strong>Kwota:<\/strong> 10,00 z\u0142 za ka\u017cdy tydzie\u0144, w kt\u00f3rym odbywaj\u0105 si\u0119 zaj\u0119cia basenowe<br \/><strong>\u0141\u0105czna kwota za semestr II roku szkolnego 2025\/2026:<\/strong> 170,00 z\u0142<\/p><p><strong>Zasady:<\/strong><br \/>Wp\u0142at \u0142\u0105cznych za klasy dokonuj\u0105 skarbnicy klasowi na pocz\u0105tku ka\u017cdego semestru.<\/p><p><br \/>Skarbnicy klasowi pozostaj\u0105 w sta\u0142ym kontakcie ze skarbnikiem szkolnym.<\/p><h4><strong>4. Konto do wp\u0142at za szafki indywidualne<\/strong><\/h4><p><strong>Numer konta:<\/strong> 83 1090 1102 0000 0001 5947 1459<br \/><strong>Kwoty za rok szkolny 2025\/2026:<\/strong><\/p><ul><li>Szafka ma\u0142a \u2013 35,00 z\u0142<\/li><li>Szafka du\u017ca \u2013 40,00 z\u0142<\/li><\/ul><p><strong>Zasady:<\/strong><br \/>Wp\u0142at indywidualnych dokonuj\u0105 rodzice lub opiekunowie na pocz\u0105tku roku szkolnego, po wcze\u015bniejszym potwierdzeniu dost\u0119pno\u015bci szafki u koordynatora.<br \/>Z potwierdzeniem przelewu nale\u017cy zg\u0142osi\u0107 si\u0119 do koordynatora w celu <strong>otrzymania kluczyka<\/strong> do szafki.<\/p><h4><strong>5. Darowizna na sztandar szkolny<\/strong><\/h4><p>W celu dokonania darowizny na zakup sztandaru szkolnego prosimy o wp\u0142at\u0119 na <strong>konto og\u00f3lne Rady Rodzic\u00f3w<\/strong> z dopiskiem w tytule przelewu:<br \/><strong>\u201eDarowizna na sztandar szkolny\u201d<\/strong><\/p><p>\u00a0<\/p><p>\u00a0<\/p>\t\t\t\t\t\t\t\t<\/div>\n\t\t\t\t\t<\/div>\n\t\t\t\t<\/div>\n\t\t\t\t<\/div>\n\t\t","protected":false},"excerpt":{"rendered":"<p>Rada Rodzic\u00f3w Szko\u0142y Podstawowej nr 52 w Gdyni im. b\u0142. ks. kmdr. ppor. W\u0142adys\u0142awa Miegonia reprezentuje rodzic\u00f3w wszystkich uczni\u00f3w, wsp\u00f3\u0142pracuje z dyrekcj\u0105 i rad\u0105 pedagogiczn\u0105, zg\u0142asza wnioski i opinie oraz realizuje dzia\u0142ania wspieraj\u0105ce rozw\u00f3j szko\u0142y. Sk\u0142ad Rady: Zarz\u0105d:Przewodnicz\u0105ca: Marta Mazurek Z\u2011ca przewodnicz\u0105cego: Agnieszka Drozd-PenderCz\u0142onek Rady: Robert MazurekSkarbnik: Iwona Czykier W sk\u0142ad Rady Rodzic\u00f3w wchodz\u0105 r\u00f3wnie\u017c [&hellip;]<\/p>\n","protected":false},"author":2,"featured_media":0,"parent":0,"menu_order":0,"comment_status":"closed","ping_status":"closed","template":"","meta":{"footnotes":""},"class_list":["post-147","page","type-page","status-publish","hentry"],"_links":{"self":[{"href":"https:\/\/sp52gdynia.eu\/index.php\/wp-json\/wp\/v2\/pages\/147","targetHints":{"allow":["GET"]}}],"collection":[{"href":"https:\/\/sp52gdynia.eu\/index.php\/wp-json\/wp\/v2\/pages"}],"about":[{"href":"https:\/\/sp52gdynia.eu\/index.php\/wp-json\/wp\/v2\/types\/page"}],"author":[{"embeddable":true,"href":"https:\/\/sp52gdynia.eu\/index.php\/wp-json\/wp\/v2\/users\/2"}],"replies":[{"embeddable":true,"href":"https:\/\/sp52gdynia.eu\/index.php\/wp-json\/wp\/v2\/comments?post=147"}],"version-history":[{"count":7,"href":"https:\/\/sp52gdynia.eu\/index.php\/wp-json\/wp\/v2\/pages\/147\/revisions"}],"predecessor-version":[{"id":290,"href":"https:\/\/sp52gdynia.eu\/index.php\/wp-json\/wp\/v2\/pages\/147\/revisions\/290"}],"wp:attachment":[{"href":"https:\/\/sp52gdynia.eu\/index.php\/wp-json\/wp\/v2\/media?parent=147"}],"curies":[{"name":"wp","href":"https:\/\/api.w.org\/{rel}","templated":true}]}}