{"id":144,"date":"2026-03-15T21:18:07","date_gmt":"2026-03-15T20:18:07","guid":{"rendered":"https:\/\/sp52.itgrafik.pl\/?page_id=144"},"modified":"2026-04-21T11:56:52","modified_gmt":"2026-04-21T09:56:52","slug":"stolowka","status":"publish","type":"page","link":"https:\/\/sp52gdynia.eu\/index.php\/stolowka\/","title":{"rendered":"Sto\u0142\u00f3wka"},"content":{"rendered":"\t\t<div data-elementor-type=\"wp-page\" data-elementor-id=\"144\" class=\"elementor elementor-144\">\n\t\t\t\t\t\t<section class=\"elementor-section elementor-top-section elementor-element elementor-element-4cdc246 elementor-section-boxed elementor-section-height-default elementor-section-height-default\" data-id=\"4cdc246\" data-element_type=\"section\" data-e-type=\"section\" data-settings=\"{&quot;jet_parallax_layout_list&quot;:[],&quot;background_background&quot;:&quot;classic&quot;}\">\n\t\t\t\t\t\t<div class=\"elementor-container elementor-column-gap-default\">\n\t\t\t\t\t<div class=\"elementor-column elementor-col-100 elementor-top-column elementor-element elementor-element-3144286\" data-id=\"3144286\" data-element_type=\"column\" data-e-type=\"column\">\n\t\t\t<div class=\"elementor-widget-wrap elementor-element-populated\">\n\t\t\t\t\t\t<div class=\"elementor-element elementor-element-a5700a7 elementor-widget elementor-widget-heading\" data-id=\"a5700a7\" data-element_type=\"widget\" data-e-type=\"widget\" data-widget_type=\"heading.default\">\n\t\t\t\t\t<h2 class=\"elementor-heading-title elementor-size-default\">Sto\u0142\u00f3wka<\/h2>\t\t\t\t<\/div>\n\t\t\t\t\t<\/div>\n\t\t<\/div>\n\t\t\t\t\t<\/div>\n\t\t<\/section>\n\t\t<div class=\"elementor-element elementor-element-5123e23 e-grid e-con-boxed e-con e-parent\" data-id=\"5123e23\" data-element_type=\"container\" data-e-type=\"container\" data-settings=\"{&quot;jet_parallax_layout_list&quot;:[]}\">\n\t\t\t\t\t<div class=\"e-con-inner\">\n\t\t\t\t<div class=\"elementor-element elementor-element-1190f13 elementor-widget elementor-widget-image\" data-id=\"1190f13\" data-element_type=\"widget\" data-e-type=\"widget\" data-widget_type=\"image.default\">\n\t\t\t\t\t\t\t\t\t\t\t\t\t\t\t<img fetchpriority=\"high\" decoding=\"async\" width=\"1024\" height=\"559\" src=\"https:\/\/sp52gdynia.eu\/wp-content\/uploads\/2026\/03\/stolowka-1024x559.jpg\" class=\"attachment-large size-large wp-image-291\" alt=\"\" srcset=\"https:\/\/sp52gdynia.eu\/wp-content\/uploads\/2026\/03\/stolowka-1024x559.jpg 1024w, https:\/\/sp52gdynia.eu\/wp-content\/uploads\/2026\/03\/stolowka-300x164.jpg 300w, https:\/\/sp52gdynia.eu\/wp-content\/uploads\/2026\/03\/stolowka-768x419.jpg 768w, https:\/\/sp52gdynia.eu\/wp-content\/uploads\/2026\/03\/stolowka-600x327.jpg 600w, https:\/\/sp52gdynia.eu\/wp-content\/uploads\/2026\/03\/stolowka.jpg 1408w\" sizes=\"(max-width: 1024px) 100vw, 1024px\" \/>\t\t\t\t\t\t\t\t\t\t\t\t\t\t\t<\/div>\n\t\t\t\t<div class=\"elementor-element elementor-element-ac9052a elementor-widget elementor-widget-text-editor\" data-id=\"ac9052a\" data-element_type=\"widget\" data-e-type=\"widget\" data-widget_type=\"text-editor.default\">\n\t\t\t\t\t\t\t\t\t<p>P\u0142atno\u015bci za obiady na miesi\u0105c maj\u00a0 \u00a0w kwocie 108z\u0142\u00a0 (17&#215;6\u00a0 plus 6 z\u0142 z miesi\u0105ca kwietnia )\u00a0 nale\u017cy dokona\u0107 w dniach 21.04 do\u00a0 30.04 na konto szko\u0142y.<\/p><p>\u00a0<strong>\u00a0NUMER KONTA\u00a0 \u00a0 \u00a0 \u00a0 \u00a0<\/strong><\/p><p><strong>\u00a0 \u00a0 51 1020 4900 0000 8702 3084 0381.\u00a0PROSIMY O TERMINOWE WP\u0141ATY.<\/strong><\/p><p>W sprawie odpis\u00f3w prosz\u0119 si\u0119 kontaktowa\u0107 z intendentem.<\/p>\t\t\t\t\t\t\t\t<\/div>\n\t\t\t\t\t<\/div>\n\t\t\t\t<\/div>\n\t\t\t\t<\/div>\n\t\t","protected":false},"excerpt":{"rendered":"<p>Sto\u0142\u00f3wka P\u0142atno\u015bci za obiady na miesi\u0105c maj\u00a0 \u00a0w kwocie 108z\u0142\u00a0 (17&#215;6\u00a0 plus 6 z\u0142 z miesi\u0105ca kwietnia )\u00a0 nale\u017cy dokona\u0107 w dniach 21.04 do\u00a0 30.04 na konto szko\u0142y. \u00a0\u00a0NUMER KONTA\u00a0 \u00a0 \u00a0 \u00a0 \u00a0 \u00a0 \u00a0 51 1020 4900 0000 8702 3084 0381.\u00a0PROSIMY O TERMINOWE WP\u0141ATY. W sprawie odpis\u00f3w prosz\u0119 si\u0119 kontaktowa\u0107 z intendentem.<\/p>\n","protected":false},"author":2,"featured_media":0,"parent":0,"menu_order":0,"comment_status":"closed","ping_status":"closed","template":"","meta":{"footnotes":""},"class_list":["post-144","page","type-page","status-publish","hentry"],"_links":{"self":[{"href":"https:\/\/sp52gdynia.eu\/index.php\/wp-json\/wp\/v2\/pages\/144","targetHints":{"allow":["GET"]}}],"collection":[{"href":"https:\/\/sp52gdynia.eu\/index.php\/wp-json\/wp\/v2\/pages"}],"about":[{"href":"https:\/\/sp52gdynia.eu\/index.php\/wp-json\/wp\/v2\/types\/page"}],"author":[{"embeddable":true,"href":"https:\/\/sp52gdynia.eu\/index.php\/wp-json\/wp\/v2\/users\/2"}],"replies":[{"embeddable":true,"href":"https:\/\/sp52gdynia.eu\/index.php\/wp-json\/wp\/v2\/comments?post=144"}],"version-history":[{"count":23,"href":"https:\/\/sp52gdynia.eu\/index.php\/wp-json\/wp\/v2\/pages\/144\/revisions"}],"predecessor-version":[{"id":357,"href":"https:\/\/sp52gdynia.eu\/index.php\/wp-json\/wp\/v2\/pages\/144\/revisions\/357"}],"wp:attachment":[{"href":"https:\/\/sp52gdynia.eu\/index.php\/wp-json\/wp\/v2\/media?parent=144"}],"curies":[{"name":"wp","href":"https:\/\/api.w.org\/{rel}","templated":true}]}}